{"id":2125,"date":"2025-04-28T12:32:53","date_gmt":"2025-04-28T17:32:53","guid":{"rendered":"https:\/\/colsugar.com\/blog\/"},"modified":"2026-02-27T10:31:18","modified_gmt":"2026-02-27T15:31:18","slug":"blog","status":"publish","type":"page","link":"https:\/\/colsugar.com\/en\/blog\/","title":{"rendered":"Blog"},"content":{"rendered":"\n<h2>\n\t\tblog\n\t<\/h2>\n<h2>\n\t\tNUESTRAS PUBLICACIONES\n\t<\/h2>\n\t<p>Encuentre en nuestro blog informaci\u00f3n sobre maquinaria, eventos y mucho m\u00e1s.<\/p>\n\t<meta itemscope itemprop=\"mainEntityOfPage\" itemtype=\"https:\/\/schema.org\/WebPage\" itemid=\"http:\/\/145\" content=\"\u00bfPor qu\u00e9 adquirir maquinaria agr\u00edcola Shaktiman?\" \/><meta itemprop=\"datePublished\" content=\"2025-04-28\" \/><meta itemprop=\"dateModified\" content=\"2025-04-28\" \/><meta itemprop=\"name\" content=\"Colsugar\"\/><meta itemprop=\"url\" content=\"https:\/\/colsugar.com\/author\/pypgroup-admin\/\" \/><meta itemprop=\"name\" content=\"pypgroup-admin\" \/><meta itemprop=\"url\" content=\"https:\/\/colsugar.com\/wp-content\/uploads\/2025\/04\/maquina2.jpg\" \/><meta itemprop=\"width\" content=\"1024\" \/><meta itemprop=\"height\" content=\"724\" \/><meta itemprop=\"interactionType\" content=\"https:\/\/schema.org\/CommentAction\" \/><meta itemprop=\"userInteractionCount\" content=\"0\" \/>\n\t\t\t\t<a href=\"https:\/\/colsugar.com\/por-que-adquirir-maquinaria-agricola-shaktiman\/\"  target=\"_self\" itemprop=\"url\">\n\t\t\t\t<img loading=\"lazy\" decoding=\"async\" src=\"https:\/\/colsugar.com\/wp-content\/uploads\/2025\/04\/maquina2.jpg\" alt=\"maquina2\" itemprop=\"image\" data-no-lazy=\"1\" height=\"724\" width=\"1024\" title=\"maquina2\" onerror=\"this.style.display='none'\"  \/>\n\t\t\t\t<\/a>\n\t\t\t\t\t\t\t\t\t<h3 itemprop=\"headline\">\n\t\t\t\t\t\t\t\t\t\t\t\t\t<a href=\"https:\/\/colsugar.com\/por-que-adquirir-maquinaria-agricola-shaktiman\/\" title=\"\u00bfPor qu\u00e9 adquirir maquinaria agr\u00edcola Shaktiman?\">\n\t\t\t\t\t\t\t\t\t\t\t\t\t\t\u00bfPor qu\u00e9 adquirir maquinaria agr\u00edcola Shaktiman?\t\t\t\t\t\t\t\t\t\t\t\t\t<\/a>\n\t\t\t\t\t\t\t\t\t\t\t<\/h3>\n    <a href=\"https:\/\/colsugar.com\/por-que-adquirir-maquinaria-agricola-shaktiman\/\" title=\"\u00bfPor qu\u00e9 adquirir maquinaria agr\u00edcola Shaktiman?\">VER M\u00c1S about \u00bfPor qu\u00e9 adquirir maquinaria agr\u00edcola Shaktiman?<\/a>\n    \t\t\t\t\t<a href=\"https:\/\/colsugar.com\/category\/maquinaria\/\">MAQUINARIA<\/a>\n\t<meta itemscope itemprop=\"mainEntityOfPage\" itemtype=\"https:\/\/schema.org\/WebPage\" itemid=\"http:\/\/146\" content=\"Descubre la Evoluci\u00f3n e Innovaci\u00f3n de COLSUGAR en la Revista T\u00e9cnica\u00f1a\" \/><meta itemprop=\"datePublished\" content=\"2025-04-28\" \/><meta itemprop=\"dateModified\" content=\"2025-04-28\" \/><meta itemprop=\"name\" content=\"Colsugar\"\/><meta itemprop=\"url\" content=\"https:\/\/colsugar.com\/author\/pypgroup-admin\/\" \/><meta itemprop=\"name\" content=\"pypgroup-admin\" \/><meta itemprop=\"url\" content=\"https:\/\/colsugar.com\/wp-content\/uploads\/2025\/04\/Capa-1.jpg\" \/><meta itemprop=\"width\" content=\"1024\" \/><meta itemprop=\"height\" content=\"724\" \/><meta itemprop=\"interactionType\" content=\"https:\/\/schema.org\/CommentAction\" \/><meta itemprop=\"userInteractionCount\" content=\"0\" \/>\n\t\t\t\t<a href=\"https:\/\/colsugar.com\/descubre-la-evolucion-e-innovacion-de-colsugar-en-la-revista-tecnicana\/\"  target=\"_self\" itemprop=\"url\">\n\t\t\t\t<img loading=\"lazy\" decoding=\"async\" src=\"https:\/\/colsugar.com\/wp-content\/uploads\/2025\/04\/Capa-1.jpg\" alt=\"Capa 1\" itemprop=\"image\" data-no-lazy=\"1\" height=\"724\" width=\"1024\" title=\"Capa 1\" onerror=\"this.style.display='none'\"  \/>\n\t\t\t\t<\/a>\n\t\t\t\t\t\t\t\t\t<h3 itemprop=\"headline\">\n\t\t\t\t\t\t\t\t\t\t\t\t\t<a href=\"https:\/\/colsugar.com\/descubre-la-evolucion-e-innovacion-de-colsugar-en-la-revista-tecnicana\/\" title=\"Descubre la Evoluci\u00f3n e Innovaci\u00f3n de COLSUGAR en la Revista T\u00e9cnica\u00f1a\">\n\t\t\t\t\t\t\t\t\t\t\t\t\t\tDescubre la Evoluci\u00f3n e Innovaci\u00f3n de COLSUGAR en la Revista T\u00e9cnica\u00f1a\t\t\t\t\t\t\t\t\t\t\t\t\t<\/a>\n\t\t\t\t\t\t\t\t\t\t\t<\/h3>\n    <a href=\"https:\/\/colsugar.com\/descubre-la-evolucion-e-innovacion-de-colsugar-en-la-revista-tecnicana\/\" title=\"Descubre la Evoluci\u00f3n e Innovaci\u00f3n de COLSUGAR en la Revista T\u00e9cnica\u00f1a\">VER M\u00c1S about Descubre la Evoluci\u00f3n e Innovaci\u00f3n de COLSUGAR en la Revista T\u00e9cnica\u00f1a<\/a>\n    \t\t\t\t\t<a href=\"https:\/\/colsugar.com\/category\/corporativo\/\">CORPORATIVO<\/a>\n\t\t<!-- .pp-content-posts -->\n\n","protected":false},"excerpt":{"rendered":"<p>blog NUESTRAS PUBLICACIONES Encuentre en nuestro blog informaci\u00f3n sobre maquinaria, eventos y mucho m\u00e1s. \u00bfPor qu\u00e9 adquirir maquinaria agr\u00edcola Shaktiman? VER M\u00c1S about \u00bfPor qu\u00e9 adquirir maquinaria agr\u00edcola Shaktiman? MAQUINARIA Descubre la Evoluci\u00f3n e Innovaci\u00f3n de COLSUGAR en la Revista T\u00e9cnica\u00f1a VER M\u00c1S about Descubre la Evoluci\u00f3n e Innovaci\u00f3n de COLSUGAR en la Revista T\u00e9cnica\u00f1a [&hellip;]<\/p>\n","protected":false},"author":1,"featured_media":0,"parent":0,"menu_order":0,"comment_status":"closed","ping_status":"closed","template":"template-fullwidth.php","meta":{"_acf_changed":false,"footnotes":""},"class_list":["post-2125","page","type-page","status-publish","hentry"],"acf":[],"yoast_head":"<!-- This site is optimized with the Yoast SEO plugin v27.5 - https:\/\/yoast.com\/product\/yoast-seo-wordpress\/ -->\n<title>Blog - Colsugar<\/title>\n<meta name=\"robots\" content=\"index, follow, max-snippet:-1, max-image-preview:large, max-video-preview:-1\" \/>\n<link rel=\"canonical\" href=\"https:\/\/colsugar.com\/en\/blog\/\" \/>\n<meta property=\"og:locale\" content=\"en_US\" \/>\n<meta property=\"og:type\" content=\"article\" \/>\n<meta property=\"og:title\" content=\"Blog - Colsugar\" \/>\n<meta property=\"og:description\" content=\"blog NUESTRAS PUBLICACIONES Encuentre en nuestro blog informaci\u00f3n sobre maquinaria, eventos y mucho m\u00e1s. \u00bfPor qu\u00e9 adquirir maquinaria agr\u00edcola Shaktiman? VER M\u00c1S about \u00bfPor qu\u00e9 adquirir maquinaria agr\u00edcola Shaktiman? MAQUINARIA Descubre la Evoluci\u00f3n e Innovaci\u00f3n de COLSUGAR en la Revista T\u00e9cnica\u00f1a VER M\u00c1S about Descubre la Evoluci\u00f3n e Innovaci\u00f3n de COLSUGAR en la Revista T\u00e9cnica\u00f1a [&hellip;]\" \/>\n<meta property=\"og:url\" content=\"https:\/\/colsugar.com\/en\/blog\/\" \/>\n<meta property=\"og:site_name\" content=\"Colsugar\" \/>\n<meta property=\"article:modified_time\" content=\"2026-02-27T15:31:18+00:00\" \/>\n<meta property=\"og:image\" content=\"https:\/\/colsugar.com\/wp-content\/uploads\/2025\/04\/maquina2.jpg\" \/>\n<meta name=\"twitter:card\" content=\"summary_large_image\" \/>\n<script type=\"application\/ld+json\" class=\"yoast-schema-graph\">{\"@context\":\"https:\\\/\\\/schema.org\",\"@graph\":[{\"@type\":\"WebPage\",\"@id\":\"https:\\\/\\\/colsugar.com\\\/en\\\/blog\\\/\",\"url\":\"https:\\\/\\\/colsugar.com\\\/en\\\/blog\\\/\",\"name\":\"Blog - Colsugar\",\"isPartOf\":{\"@id\":\"https:\\\/\\\/colsugar.com\\\/#website\"},\"primaryImageOfPage\":{\"@id\":\"https:\\\/\\\/colsugar.com\\\/en\\\/blog\\\/#primaryimage\"},\"image\":{\"@id\":\"https:\\\/\\\/colsugar.com\\\/en\\\/blog\\\/#primaryimage\"},\"thumbnailUrl\":\"https:\\\/\\\/colsugar.com\\\/wp-content\\\/uploads\\\/2025\\\/04\\\/maquina2.jpg\",\"datePublished\":\"2025-04-28T17:32:53+00:00\",\"dateModified\":\"2026-02-27T15:31:18+00:00\",\"breadcrumb\":{\"@id\":\"https:\\\/\\\/colsugar.com\\\/en\\\/blog\\\/#breadcrumb\"},\"inLanguage\":\"en-US\",\"potentialAction\":[{\"@type\":\"ReadAction\",\"target\":[\"https:\\\/\\\/colsugar.com\\\/en\\\/blog\\\/\"]}]},{\"@type\":\"ImageObject\",\"inLanguage\":\"en-US\",\"@id\":\"https:\\\/\\\/colsugar.com\\\/en\\\/blog\\\/#primaryimage\",\"url\":\"https:\\\/\\\/colsugar.com\\\/wp-content\\\/uploads\\\/2025\\\/04\\\/maquina2.jpg\",\"contentUrl\":\"https:\\\/\\\/colsugar.com\\\/wp-content\\\/uploads\\\/2025\\\/04\\\/maquina2.jpg\"},{\"@type\":\"BreadcrumbList\",\"@id\":\"https:\\\/\\\/colsugar.com\\\/en\\\/blog\\\/#breadcrumb\",\"itemListElement\":[{\"@type\":\"ListItem\",\"position\":1,\"name\":\"Portada\",\"item\":\"https:\\\/\\\/colsugar.com\\\/en\\\/\"},{\"@type\":\"ListItem\",\"position\":2,\"name\":\"Blog\"}]},{\"@type\":\"WebSite\",\"@id\":\"https:\\\/\\\/colsugar.com\\\/#website\",\"url\":\"https:\\\/\\\/colsugar.com\\\/\",\"name\":\"Colsugar\",\"description\":\"\",\"publisher\":{\"@id\":\"https:\\\/\\\/colsugar.com\\\/#organization\"},\"potentialAction\":[{\"@type\":\"SearchAction\",\"target\":{\"@type\":\"EntryPoint\",\"urlTemplate\":\"https:\\\/\\\/colsugar.com\\\/?s={search_term_string}\"},\"query-input\":{\"@type\":\"PropertyValueSpecification\",\"valueRequired\":true,\"valueName\":\"search_term_string\"}}],\"inLanguage\":\"en-US\"},{\"@type\":\"Organization\",\"@id\":\"https:\\\/\\\/colsugar.com\\\/#organization\",\"name\":\"Colsugar\",\"url\":\"https:\\\/\\\/colsugar.com\\\/\",\"logo\":{\"@type\":\"ImageObject\",\"inLanguage\":\"en-US\",\"@id\":\"https:\\\/\\\/colsugar.com\\\/#\\\/schema\\\/logo\\\/image\\\/\",\"url\":\"https:\\\/\\\/colsugar.com\\\/wp-content\\\/uploads\\\/2025\\\/04\\\/cropped-icono.png\",\"contentUrl\":\"https:\\\/\\\/colsugar.com\\\/wp-content\\\/uploads\\\/2025\\\/04\\\/cropped-icono.png\",\"width\":512,\"height\":512,\"caption\":\"Colsugar\"},\"image\":{\"@id\":\"https:\\\/\\\/colsugar.com\\\/#\\\/schema\\\/logo\\\/image\\\/\"}}]}<\/script>\n<!-- \/ Yoast SEO plugin. -->","yoast_head_json":{"title":"Blog - Colsugar","robots":{"index":"index","follow":"follow","max-snippet":"max-snippet:-1","max-image-preview":"max-image-preview:large","max-video-preview":"max-video-preview:-1"},"canonical":"https:\/\/colsugar.com\/en\/blog\/","og_locale":"en_US","og_type":"article","og_title":"Blog - Colsugar","og_description":"blog NUESTRAS PUBLICACIONES Encuentre en nuestro blog informaci\u00f3n sobre maquinaria, eventos y mucho m\u00e1s. \u00bfPor qu\u00e9 adquirir maquinaria agr\u00edcola Shaktiman? VER M\u00c1S about \u00bfPor qu\u00e9 adquirir maquinaria agr\u00edcola Shaktiman? MAQUINARIA Descubre la Evoluci\u00f3n e Innovaci\u00f3n de COLSUGAR en la Revista T\u00e9cnica\u00f1a VER M\u00c1S about Descubre la Evoluci\u00f3n e Innovaci\u00f3n de COLSUGAR en la Revista T\u00e9cnica\u00f1a [&hellip;]","og_url":"https:\/\/colsugar.com\/en\/blog\/","og_site_name":"Colsugar","article_modified_time":"2026-02-27T15:31:18+00:00","og_image":[{"url":"https:\/\/colsugar.com\/wp-content\/uploads\/2025\/04\/maquina2.jpg","type":"","width":"","height":""}],"twitter_card":"summary_large_image","schema":{"@context":"https:\/\/schema.org","@graph":[{"@type":"WebPage","@id":"https:\/\/colsugar.com\/en\/blog\/","url":"https:\/\/colsugar.com\/en\/blog\/","name":"Blog - Colsugar","isPartOf":{"@id":"https:\/\/colsugar.com\/#website"},"primaryImageOfPage":{"@id":"https:\/\/colsugar.com\/en\/blog\/#primaryimage"},"image":{"@id":"https:\/\/colsugar.com\/en\/blog\/#primaryimage"},"thumbnailUrl":"https:\/\/colsugar.com\/wp-content\/uploads\/2025\/04\/maquina2.jpg","datePublished":"2025-04-28T17:32:53+00:00","dateModified":"2026-02-27T15:31:18+00:00","breadcrumb":{"@id":"https:\/\/colsugar.com\/en\/blog\/#breadcrumb"},"inLanguage":"en-US","potentialAction":[{"@type":"ReadAction","target":["https:\/\/colsugar.com\/en\/blog\/"]}]},{"@type":"ImageObject","inLanguage":"en-US","@id":"https:\/\/colsugar.com\/en\/blog\/#primaryimage","url":"https:\/\/colsugar.com\/wp-content\/uploads\/2025\/04\/maquina2.jpg","contentUrl":"https:\/\/colsugar.com\/wp-content\/uploads\/2025\/04\/maquina2.jpg"},{"@type":"BreadcrumbList","@id":"https:\/\/colsugar.com\/en\/blog\/#breadcrumb","itemListElement":[{"@type":"ListItem","position":1,"name":"Portada","item":"https:\/\/colsugar.com\/en\/"},{"@type":"ListItem","position":2,"name":"Blog"}]},{"@type":"WebSite","@id":"https:\/\/colsugar.com\/#website","url":"https:\/\/colsugar.com\/","name":"Colsugar","description":"","publisher":{"@id":"https:\/\/colsugar.com\/#organization"},"potentialAction":[{"@type":"SearchAction","target":{"@type":"EntryPoint","urlTemplate":"https:\/\/colsugar.com\/?s={search_term_string}"},"query-input":{"@type":"PropertyValueSpecification","valueRequired":true,"valueName":"search_term_string"}}],"inLanguage":"en-US"},{"@type":"Organization","@id":"https:\/\/colsugar.com\/#organization","name":"Colsugar","url":"https:\/\/colsugar.com\/","logo":{"@type":"ImageObject","inLanguage":"en-US","@id":"https:\/\/colsugar.com\/#\/schema\/logo\/image\/","url":"https:\/\/colsugar.com\/wp-content\/uploads\/2025\/04\/cropped-icono.png","contentUrl":"https:\/\/colsugar.com\/wp-content\/uploads\/2025\/04\/cropped-icono.png","width":512,"height":512,"caption":"Colsugar"},"image":{"@id":"https:\/\/colsugar.com\/#\/schema\/logo\/image\/"}}]}},"_links":{"self":[{"href":"https:\/\/colsugar.com\/en\/wp-json\/wp\/v2\/pages\/2125","targetHints":{"allow":["GET"]}}],"collection":[{"href":"https:\/\/colsugar.com\/en\/wp-json\/wp\/v2\/pages"}],"about":[{"href":"https:\/\/colsugar.com\/en\/wp-json\/wp\/v2\/types\/page"}],"author":[{"embeddable":true,"href":"https:\/\/colsugar.com\/en\/wp-json\/wp\/v2\/users\/1"}],"replies":[{"embeddable":true,"href":"https:\/\/colsugar.com\/en\/wp-json\/wp\/v2\/comments?post=2125"}],"version-history":[{"count":2,"href":"https:\/\/colsugar.com\/en\/wp-json\/wp\/v2\/pages\/2125\/revisions"}],"predecessor-version":[{"id":2139,"href":"https:\/\/colsugar.com\/en\/wp-json\/wp\/v2\/pages\/2125\/revisions\/2139"}],"wp:attachment":[{"href":"https:\/\/colsugar.com\/en\/wp-json\/wp\/v2\/media?parent=2125"}],"curies":[{"name":"wp","href":"https:\/\/api.w.org\/{rel}","templated":true}]}}